{"id":50,"date":"2026-02-05T22:33:00","date_gmt":"2026-02-05T19:33:00","guid":{"rendered":"https:\/\/mcfermuar.com\/?page_id=50"},"modified":"2026-02-11T19:26:26","modified_gmt":"2026-02-11T16:26:26","slug":"basketbol","status":"publish","type":"page","link":"https:\/\/mcfermuar.com\/?page_id=50","title":{"rendered":"HAKKIMIZDA"},"content":{"rendered":"<p>[et_pb_section fb_built=&#8221;1&#8243; admin_label=&#8221;Header&#8221; _builder_version=&#8221;4.22.0&#8243; _module_preset=&#8221;default&#8221; background_color=&#8221;gcid-1ceede91-71be-464b-930c-ee204c722893&#8243; collapsed=&#8221;on&#8221; global_colors_info=&#8221;{%22gcid-1ceede91-71be-464b-930c-ee204c722893%22:%91%22background_color%22%93}&#8221;][et_pb_row use_custom_gutter=&#8221;on&#8221; make_equal=&#8221;on&#8221; _builder_version=&#8221;4.24.0&#8243; _module_preset=&#8221;default&#8221; custom_padding=&#8221;||2px|||&#8221; global_colors_info=&#8221;{}&#8221;][et_pb_column type=&#8221;4_4&#8243; _builder_version=&#8221;4.22.0&#8243; _module_preset=&#8221;default&#8221; background_color=&#8221;gcid-de749df5-82d7-4bad-ba2b-a56855f698d2&#8243; custom_padding=&#8221;40px|40px|40px|40px|true|true&#8221; custom_padding_tablet=&#8221;30px|30px|30px|30px|true|true&#8221; custom_padding_phone=&#8221;20px|20px|20px|20px|true|true&#8221; custom_padding_last_edited=&#8221;on|desktop&#8221; border_radii=&#8221;on|20px|20px|20px|20px&#8221; global_colors_info=&#8221;{%22gcid-de749df5-82d7-4bad-ba2b-a56855f698d2%22:%91%22background_color%22%93}&#8221;][et_pb_text _builder_version=&#8221;4.22.0&#8243; _module_preset=&#8221;_initial&#8221; global_colors_info=&#8221;{}&#8221;]<\/p>\n<h2 data-start=\"164\" data-end=\"177\">Hakk\u0131m\u0131zda<\/h2>\n<p data-start=\"179\" data-end=\"480\"><strong data-start=\"179\" data-end=\"193\">MC Fermuar<\/strong>, tekstil ve aksesuar sekt\u00f6r\u00fcnde kalite, g\u00fcven ve s\u00fcrd\u00fcr\u00fclebilirlik odakl\u0131 \u00e7\u00f6z\u00fcmler sunmak amac\u0131yla kurulmu\u015ftur. Kuruldu\u011fumuz g\u00fcnden bu yana, fermuar ve tamamlay\u0131c\u0131 \u00fcr\u00fcn gruplar\u0131nda m\u00fc\u015fterilerimizin ihtiya\u00e7lar\u0131na uygun, uzun \u00f6m\u00fcrl\u00fc ve y\u00fcksek standartlarda \u00fcr\u00fcnler sa\u011flamay\u0131 ilke edindik.<\/p>\n<p data-start=\"482\" data-end=\"777\">\u00dcretim ve tedarik s\u00fcre\u00e7lerimizde kalite kontrol\u00fc en \u00f6n planda tutuyor; dayan\u0131kl\u0131l\u0131k, i\u015flevsellik ve esteti\u011fi bir arada sunan \u00fcr\u00fcnler geli\u015ftiriyoruz. Farkl\u0131 sekt\u00f6rlerin beklentilerini yak\u0131ndan takip ederek, hem k\u00fc\u00e7\u00fck \u00f6l\u00e7ekli i\u015fletmelere hem de b\u00fcy\u00fck \u00fcreticilere esnek ve h\u0131zl\u0131 \u00e7\u00f6z\u00fcmler sunuyoruz.<\/p>\n<p data-start=\"779\" data-end=\"1110\">M\u00fc\u015fteri memnuniyetini yaln\u0131zca sat\u0131\u015f an\u0131yla s\u0131n\u0131rl\u0131 g\u00f6rmeyen anlay\u0131\u015f\u0131m\u0131zla; do\u011fru \u00fcr\u00fcn se\u00e7imi, zaman\u0131nda teslimat ve sat\u0131\u015f sonras\u0131 destek konular\u0131nda g\u00fcvenilir bir i\u015f orta\u011f\u0131 olmay\u0131 hedefliyoruz. Deneyimli ekibimiz ve s\u00fcrekli geli\u015fen \u00fcr\u00fcn portf\u00f6y\u00fcm\u00fczle, sekt\u00f6rdeki yenilikleri yak\u0131ndan takip ediyor ve kendimizi s\u00fcrekli yeniliyoruz.<\/p>\n<p data-start=\"1112\" data-end=\"1241\"><strong data-start=\"1112\" data-end=\"1126\">MC Fermuar<\/strong> olarak, kaliteyi ula\u015f\u0131labilir k\u0131lmak ve i\u015f ortaklar\u0131m\u0131za uzun vadeli de\u011fer sa\u011flamak i\u00e7in \u00e7al\u0131\u015fmaya devam ediyoruz.<\/p>\n<p>[\/et_pb_text][\/et_pb_column][\/et_pb_row][\/et_pb_section][et_pb_section fb_built=&#8221;1&#8243; admin_label=&#8221;Mission &#038; Vision&#8221; _builder_version=&#8221;4.22.0&#8243; _module_preset=&#8221;default&#8221; background_color=&#8221;#121212&#8243; collapsed=&#8221;on&#8221; global_colors_info=&#8221;{%22gcid-28363906-ecf8-496b-97f0-6a9be4582356%22:%91%22background_color%22%93}&#8221;][et_pb_row column_structure=&#8221;1_2,1_2&#8243; _builder_version=&#8221;4.22.0&#8243; _module_preset=&#8221;default&#8221; border_color_all=&#8221;#FFFFFF&#8221; border_width_bottom=&#8221;1px&#8221; global_colors_info=&#8221;{}&#8221;][et_pb_column type=&#8221;1_2&#8243; _builder_version=&#8221;4.22.0&#8243; _module_preset=&#8221;default&#8221; global_colors_info=&#8221;{}&#8221;][et_pb_text _builder_version=&#8221;4.22.0&#8243; _module_preset=&#8221;_initial&#8221; header_5_text_color=&#8221;#FFFFFF&#8221; text_orientation=&#8221;right&#8221; custom_padding=&#8221;3px|||||&#8221; text_orientation_tablet=&#8221;left&#8221; text_orientation_phone=&#8221;left&#8221; text_orientation_last_edited=&#8221;on|tablet&#8221; global_colors_info=&#8221;{}&#8221;]<\/p>\n<h2 data-start=\"1132\" data-end=\"1145\"><span style=\"color: #ffffff;\">Vizyonumuz<\/span><\/h2>\n<p>[\/et_pb_text][\/et_pb_column][et_pb_column type=&#8221;1_2&#8243; _builder_version=&#8221;4.22.0&#8243; _module_preset=&#8221;default&#8221; global_colors_info=&#8221;{}&#8221;][et_pb_text _builder_version=&#8221;4.22.0&#8243; _module_preset=&#8221;_initial&#8221; text_text_color=&#8221;#FFFFFF&#8221; global_colors_info=&#8221;{}&#8221;]<\/p>\n<h2 data-start=\"1132\" data-end=\"1145\"><\/h2>\n<p data-start=\"1147\" data-end=\"1334\">Tekstil aksesuarlar\u0131 alan\u0131nda, kalite ve g\u00fcvenilirlik denildi\u011finde tercih edilen; yenilik\u00e7i yakla\u015f\u0131m\u0131 ve s\u00fcrd\u00fcr\u00fclebilir b\u00fcy\u00fcmesiyle sekt\u00f6rde fark yaratan \u00f6nc\u00fc firmalar aras\u0131nda yer almak.<\/p>\n<p>[\/et_pb_text][\/et_pb_column][\/et_pb_row][et_pb_row column_structure=&#8221;1_2,1_2&#8243; _builder_version=&#8221;4.22.0&#8243; _module_preset=&#8221;default&#8221; border_color_all=&#8221;#FFFFFF&#8221; border_width_bottom=&#8221;1px&#8221; global_colors_info=&#8221;{}&#8221;][et_pb_column type=&#8221;1_2&#8243; _builder_version=&#8221;4.22.0&#8243; _module_preset=&#8221;default&#8221; global_colors_info=&#8221;{}&#8221;][et_pb_text _builder_version=&#8221;4.22.0&#8243; _module_preset=&#8221;_initial&#8221; header_5_text_color=&#8221;#FFFFFF&#8221; text_orientation=&#8221;right&#8221; custom_padding=&#8221;9px|||||&#8221; text_orientation_tablet=&#8221;left&#8221; text_orientation_phone=&#8221;left&#8221; text_orientation_last_edited=&#8221;on|tablet&#8221; global_colors_info=&#8221;{}&#8221;]<\/p>\n<h2 data-start=\"1132\" data-end=\"1145\"><span style=\"color: #ffffff;\">Misyonumuz<\/span><\/h2>\n<p>[\/et_pb_text][\/et_pb_column][et_pb_column type=&#8221;1_2&#8243; _builder_version=&#8221;4.22.0&#8243; _module_preset=&#8221;default&#8221; global_colors_info=&#8221;{}&#8221;][et_pb_text _builder_version=&#8221;4.24.0&#8243; _module_preset=&#8221;_initial&#8221; text_text_color=&#8221;#FFFFFF&#8221; global_colors_info=&#8221;{}&#8221;]<\/p>\n<p>M\u00fc\u015fterilerimizin beklentilerini do\u011fru analiz ederek, y\u00fcksek kaliteli ve rekabet\u00e7i \u00fcr\u00fcnleri zaman\u0131nda sunmak; d\u00fcr\u00fcstl\u00fck, s\u00fcreklilik ve m\u00fc\u015fteri memnuniyeti ilkelerinden \u00f6d\u00fcn vermeden sekt\u00f6re de\u011fer katmak.<\/p>\n<p>[\/et_pb_text][\/et_pb_column][\/et_pb_row][et_pb_row column_structure=&#8221;1_2,1_2&#8243; _builder_version=&#8221;4.22.0&#8243; _module_preset=&#8221;default&#8221; border_color_all=&#8221;#FFFFFF&#8221; border_width_bottom=&#8221;1px&#8221; global_colors_info=&#8221;{}&#8221;][et_pb_column type=&#8221;1_2&#8243; _builder_version=&#8221;4.22.0&#8243; _module_preset=&#8221;default&#8221; global_colors_info=&#8221;{}&#8221;][et_pb_text _builder_version=&#8221;4.22.0&#8243; _module_preset=&#8221;_initial&#8221; header_5_text_color=&#8221;#FFFFFF&#8221; text_orientation=&#8221;right&#8221; custom_padding=&#8221;9px|||||&#8221; text_orientation_tablet=&#8221;left&#8221; text_orientation_phone=&#8221;left&#8221; text_orientation_last_edited=&#8221;on|tablet&#8221; global_colors_info=&#8221;{}&#8221;]<\/p>\n<h2 data-start=\"124\" data-end=\"139\"><span style=\"color: #ffffff;\"><strong data-start=\"145\" data-end=\"165\">Kalite Odakl\u0131l\u0131k<\/strong><\/span><\/h2>\n<p>[\/et_pb_text][\/et_pb_column][et_pb_column type=&#8221;1_2&#8243; _builder_version=&#8221;4.22.0&#8243; _module_preset=&#8221;default&#8221; global_colors_info=&#8221;{}&#8221;][et_pb_text _builder_version=&#8221;4.24.0&#8243; _module_preset=&#8221;_initial&#8221; text_text_color=&#8221;#FFFFFF&#8221; global_colors_info=&#8221;{}&#8221;]<\/p>\n<p>\u00dcr\u00fcnlerimizin her a\u015famas\u0131nda y\u00fcksek kalite standartlar\u0131n\u0131 esas al\u0131r\u0131z. Dayan\u0131kl\u0131, g\u00fcvenilir ve uzun \u00f6m\u00fcrl\u00fc \u00e7\u00f6z\u00fcmler sunmak temel \u00f6nceli\u011fimizdir.<\/p>\n<p>[\/et_pb_text][\/et_pb_column][\/et_pb_row][et_pb_row column_structure=&#8221;1_2,1_2&#8243; _builder_version=&#8221;4.22.0&#8243; _module_preset=&#8221;default&#8221; border_color_all=&#8221;#FFFFFF&#8221; border_width_bottom=&#8221;1px&#8221; global_colors_info=&#8221;{}&#8221;][et_pb_column type=&#8221;1_2&#8243; _builder_version=&#8221;4.22.0&#8243; _module_preset=&#8221;default&#8221; global_colors_info=&#8221;{}&#8221;][et_pb_text _builder_version=&#8221;4.22.0&#8243; _module_preset=&#8221;_initial&#8221; header_5_text_color=&#8221;#FFFFFF&#8221; text_orientation=&#8221;right&#8221; custom_padding=&#8221;9px|||||&#8221; text_orientation_tablet=&#8221;left&#8221; text_orientation_phone=&#8221;left&#8221; text_orientation_last_edited=&#8221;on|tablet&#8221; global_colors_info=&#8221;{}&#8221;]<\/p>\n<h3 data-start=\"314\" data-end=\"347\"><span style=\"color: #ffffff;\"><strong data-start=\"318\" data-end=\"345\">M\u00fc\u015fteri Odakl\u0131 Yakla\u015f\u0131m<\/strong><\/span><\/h3>\n<p>[\/et_pb_text][\/et_pb_column][et_pb_column type=&#8221;1_2&#8243; _builder_version=&#8221;4.22.0&#8243; _module_preset=&#8221;default&#8221; global_colors_info=&#8221;{}&#8221;][et_pb_text _builder_version=&#8221;4.24.0&#8243; _module_preset=&#8221;_initial&#8221; text_text_color=&#8221;#FFFFFF&#8221; global_colors_info=&#8221;{}&#8221;]<\/p>\n<p>M\u00fc\u015fterilerimizle uzun vadeli i\u015f birlikleri kurmay\u0131 hedefleriz. \u0130htiya\u00e7lar\u0131 do\u011fru analiz eder, en uygun \u00e7\u00f6z\u00fcm\u00fc zaman\u0131nda sunar\u0131z.<\/p>\n<p>[\/et_pb_text][\/et_pb_column][\/et_pb_row][et_pb_row column_structure=&#8221;1_2,1_2&#8243; _builder_version=&#8221;4.22.0&#8243; _module_preset=&#8221;default&#8221; border_color_all=&#8221;#FFFFFF&#8221; border_width_bottom=&#8221;1px&#8221; global_colors_info=&#8221;{}&#8221;][et_pb_column type=&#8221;1_2&#8243; _builder_version=&#8221;4.22.0&#8243; _module_preset=&#8221;default&#8221; global_colors_info=&#8221;{}&#8221;][et_pb_text _builder_version=&#8221;4.22.0&#8243; _module_preset=&#8221;_initial&#8221; header_5_text_color=&#8221;#FFFFFF&#8221; text_orientation=&#8221;right&#8221; custom_padding=&#8221;9px|||||&#8221; text_orientation_tablet=&#8221;left&#8221; text_orientation_phone=&#8221;left&#8221; text_orientation_last_edited=&#8221;on|tablet&#8221; global_colors_info=&#8221;{}&#8221;]<\/p>\n<h3 data-start=\"478\" data-end=\"506\"><span style=\"color: #ffffff;\"><strong data-start=\"482\" data-end=\"504\">G\u00fcven ve \u015eeffafl\u0131k<\/strong><\/span><\/h3>\n<p>[\/et_pb_text][\/et_pb_column][et_pb_column type=&#8221;1_2&#8243; _builder_version=&#8221;4.22.0&#8243; _module_preset=&#8221;default&#8221; global_colors_info=&#8221;{}&#8221;][et_pb_text _builder_version=&#8221;4.24.0&#8243; _module_preset=&#8221;_initial&#8221; text_text_color=&#8221;#FFFFFF&#8221; global_colors_info=&#8221;{}&#8221;]<\/p>\n<p>T\u00fcm i\u015f s\u00fcre\u00e7lerimizde d\u00fcr\u00fcstl\u00fck ve a\u00e7\u0131kl\u0131k ilkesiyle hareket ederiz. G\u00fcvenilirlik, i\u015f ortaklar\u0131m\u0131zla kurdu\u011fumuz ili\u015fkilerin temelini olu\u015fturur.<\/p>\n<p>[\/et_pb_text][\/et_pb_column][\/et_pb_row][et_pb_row column_structure=&#8221;1_2,1_2&#8243; _builder_version=&#8221;4.22.0&#8243; _module_preset=&#8221;default&#8221; border_color_all=&#8221;#FFFFFF&#8221; border_width_bottom=&#8221;1px&#8221; global_colors_info=&#8221;{}&#8221;][et_pb_column type=&#8221;1_2&#8243; _builder_version=&#8221;4.22.0&#8243; _module_preset=&#8221;default&#8221; global_colors_info=&#8221;{}&#8221;][et_pb_text _builder_version=&#8221;4.24.0&#8243; _module_preset=&#8221;_initial&#8221; header_5_text_color=&#8221;#FFFFFF&#8221; text_orientation=&#8221;right&#8221; custom_padding=&#8221;9px|||||&#8221; text_orientation_tablet=&#8221;left&#8221; text_orientation_phone=&#8221;left&#8221; text_orientation_last_edited=&#8221;on|tablet&#8221; global_colors_info=&#8221;{}&#8221;]<\/p>\n<h3 data-start=\"652\" data-end=\"688\"><span style=\"color: #ffffff;\"><strong data-start=\"656\" data-end=\"686\">S\u00fcreklilik ve G\u00fcvenilirlik<\/strong><\/span><\/h3>\n<p>[\/et_pb_text][\/et_pb_column][et_pb_column type=&#8221;1_2&#8243; _builder_version=&#8221;4.22.0&#8243; _module_preset=&#8221;default&#8221; global_colors_info=&#8221;{}&#8221;][et_pb_text _builder_version=&#8221;4.24.0&#8243; _module_preset=&#8221;_initial&#8221; text_text_color=&#8221;#FFFFFF&#8221; global_colors_info=&#8221;{}&#8221;]<\/p>\n<p>\u00dcr\u00fcn kalitesinden teslimat s\u00fcre\u00e7lerine kadar verdi\u011fimiz s\u00f6zlerin arkas\u0131nda durur, istikrarl\u0131 hizmet anlay\u0131\u015f\u0131n\u0131 benimseriz.<\/p>\n<p>[\/et_pb_text][\/et_pb_column][\/et_pb_row][et_pb_row column_structure=&#8221;1_2,1_2&#8243; _builder_version=&#8221;4.22.0&#8243; _module_preset=&#8221;default&#8221; border_color_all=&#8221;#FFFFFF&#8221; border_width_bottom=&#8221;1px&#8221; global_colors_info=&#8221;{}&#8221;][et_pb_column type=&#8221;1_2&#8243; _builder_version=&#8221;4.22.0&#8243; _module_preset=&#8221;default&#8221; global_colors_info=&#8221;{}&#8221;][et_pb_text _builder_version=&#8221;4.24.0&#8243; _module_preset=&#8221;_initial&#8221; header_5_text_color=&#8221;#FFFFFF&#8221; text_orientation=&#8221;right&#8221; custom_padding=&#8221;9px|||||&#8221; text_orientation_tablet=&#8221;left&#8221; text_orientation_phone=&#8221;left&#8221; text_orientation_last_edited=&#8221;on|tablet&#8221; global_colors_info=&#8221;{}&#8221;]<\/p>\n<h3 data-start=\"813\" data-end=\"838\"><span style=\"color: #ffffff;\"><strong data-start=\"817\" data-end=\"836\">S\u00fcrekli Geli\u015fim<\/strong><\/span><\/h3>\n<p data-start=\"839\" data-end=\"939\">\n<p>[\/et_pb_text][\/et_pb_column][et_pb_column type=&#8221;1_2&#8243; _builder_version=&#8221;4.22.0&#8243; _module_preset=&#8221;default&#8221; global_colors_info=&#8221;{}&#8221;][et_pb_text _builder_version=&#8221;4.24.0&#8243; _module_preset=&#8221;_initial&#8221; text_text_color=&#8221;#FFFFFF&#8221; global_colors_info=&#8221;{}&#8221;]<\/p>\n<p>Sekt\u00f6rdeki yenilikleri yak\u0131ndan takip eder, s\u00fcre\u00e7lerimizi ve \u00fcr\u00fcn portf\u00f6y\u00fcm\u00fcz\u00fc s\u00fcrekli geli\u015ftiririz.<\/p>\n<p>[\/et_pb_text][\/et_pb_column][\/et_pb_row][et_pb_row column_structure=&#8221;1_2,1_2&#8243; _builder_version=&#8221;4.22.0&#8243; _module_preset=&#8221;default&#8221; border_color_all=&#8221;#FFFFFF&#8221; border_width_bottom=&#8221;1px&#8221; global_colors_info=&#8221;{}&#8221;][et_pb_column type=&#8221;1_2&#8243; _builder_version=&#8221;4.22.0&#8243; _module_preset=&#8221;default&#8221; global_colors_info=&#8221;{}&#8221;][et_pb_text _builder_version=&#8221;4.24.0&#8243; _module_preset=&#8221;_initial&#8221; header_5_text_color=&#8221;#FFFFFF&#8221; text_orientation=&#8221;right&#8221; custom_padding=&#8221;9px|||||&#8221; text_orientation_tablet=&#8221;left&#8221; text_orientation_phone=&#8221;left&#8221; text_orientation_last_edited=&#8221;on|tablet&#8221; global_colors_info=&#8221;{}&#8221;]<\/p>\n<h3 data-start=\"941\" data-end=\"968\"><span style=\"color: #ffffff;\"><strong data-start=\"945\" data-end=\"966\">S\u00fcrd\u00fcr\u00fclebilirlik<\/strong><\/span><\/h3>\n<p data-start=\"839\" data-end=\"939\">\n<p>[\/et_pb_text][\/et_pb_column][et_pb_column type=&#8221;1_2&#8243; _builder_version=&#8221;4.22.0&#8243; _module_preset=&#8221;default&#8221; global_colors_info=&#8221;{}&#8221;][et_pb_text _builder_version=&#8221;4.24.0&#8243; _module_preset=&#8221;_initial&#8221; text_text_color=&#8221;#FFFFFF&#8221; global_colors_info=&#8221;{}&#8221;]<\/p>\n<p>\u00c7evreye ve topluma kar\u015f\u0131 sorumluluk bilinciyle hareket eder, s\u00fcrd\u00fcr\u00fclebilir i\u015f modellerini destekleriz.<\/p>\n<p>[\/et_pb_text][\/et_pb_column][\/et_pb_row][\/et_pb_section][et_pb_section fb_built=&#8221;1&#8243; admin_label=&#8221;Footer&#8221; _builder_version=&#8221;4.22.0&#8243; _module_preset=&#8221;default&#8221; background_color=&#8221;#ff5a37&#8243; saved_tabs=&#8221;all&#8221; collapsed=&#8221;on&#8221; global_colors_info=&#8221;{%22gcid-bfa7fe62-254b-41c2-9e7c-1655cf29ea48%22:%91%22background_color%22%93}&#8221;][et_pb_row _builder_version=&#8221;4.22.0&#8243; _module_preset=&#8221;default&#8221; global_colors_info=&#8221;{}&#8221;][et_pb_column type=&#8221;4_4&#8243; _builder_version=&#8221;4.22.0&#8243; _module_preset=&#8221;default&#8221; global_colors_info=&#8221;{}&#8221;][et_pb_social_media_follow _builder_version=&#8221;4.22.0&#8243; _module_preset=&#8221;default&#8221; custom_margin=&#8221;||10px||false|false&#8221; global_colors_info=&#8221;{}&#8221;][et_pb_social_media_follow_network social_network=&#8221;facebook&#8221; _builder_version=&#8221;4.22.0&#8243; _module_preset=&#8221;default&#8221; global_colors_info=&#8221;{}&#8221; follow_button=&#8221;off&#8221; url_new_window=&#8221;on&#8221;]facebook[\/et_pb_social_media_follow_network][et_pb_social_media_follow_network social_network=&#8221;twitter&#8221; _builder_version=&#8221;4.22.0&#8243; _module_preset=&#8221;default&#8221; global_colors_info=&#8221;{}&#8221; follow_button=&#8221;off&#8221; url_new_window=&#8221;on&#8221;]twitter[\/et_pb_social_media_follow_network][et_pb_social_media_follow_network social_network=&#8221;instagram&#8221; _builder_version=&#8221;4.22.0&#8243; _module_preset=&#8221;default&#8221; global_colors_info=&#8221;{}&#8221; follow_button=&#8221;off&#8221; url_new_window=&#8221;on&#8221;]instagram[\/et_pb_social_media_follow_network][\/et_pb_social_media_follow][et_pb_text _builder_version=&#8221;4.24.0&#8243; _module_preset=&#8221;_initial&#8221; header_3_text_color=&#8221;#FFFFFF&#8221; custom_padding=&#8221;4px||0px|||&#8221; global_colors_info=&#8221;{}&#8221;]<\/p>\n<h3><a href=\"#\">@MCFERMUAR<\/a><\/h3>\n<p>[\/et_pb_text][\/et_pb_column][\/et_pb_row][et_pb_row _builder_version=&#8221;4.22.0&#8243; _module_preset=&#8221;default&#8221; global_colors_info=&#8221;{}&#8221;][et_pb_column type=&#8221;4_4&#8243; _builder_version=&#8221;4.22.0&#8243; _module_preset=&#8221;default&#8221; global_colors_info=&#8221;{}&#8221;][et_pb_text _builder_version=&#8221;4.24.0&#8243; _dynamic_attributes=&#8221;content&#8221; _module_preset=&#8221;3b187bb6-917b-4add-9f7d-ab4a75ed8dc9&#8243; text_text_color=&#8221;#FFFFFF&#8221; custom_padding=&#8221;3px||0px|||&#8221; global_colors_info=&#8221;{}&#8221; theme_builder_area=&#8221;post_content&#8221;]@ET-DC@eyJkeW5hbWljIjp0cnVlLCJjb250ZW50IjoiY3VycmVudF9kYXRlIiwic2V0dGluZ3MiOnsiYmVmb3JlIjoiTWMgRmVybXVhciwgIiwiYWZ0ZXIiOiIgVFx1MDBmY20gaGFrbGFyXHUwMTMxIHNha2xcdTAxMzFkXHUwMTMxci4iLCJkYXRlX2Zvcm1hdCI6ImN1c3RvbSIsImN1c3RvbV9kYXRlX2Zvcm1hdCI6IlkifX0=@[\/et_pb_text][\/et_pb_column][\/et_pb_row][\/et_pb_section]<\/p>\n","protected":false},"excerpt":{"rendered":"<p>Hakk\u0131m\u0131zda MC Fermuar, tekstil ve aksesuar sekt\u00f6r\u00fcnde kalite, g\u00fcven ve s\u00fcrd\u00fcr\u00fclebilirlik odakl\u0131 \u00e7\u00f6z\u00fcmler sunmak amac\u0131yla kurulmu\u015ftur. Kuruldu\u011fumuz g\u00fcnden bu yana, fermuar ve tamamlay\u0131c\u0131 \u00fcr\u00fcn gruplar\u0131nda m\u00fc\u015fterilerimizin ihtiya\u00e7lar\u0131na uygun, uzun \u00f6m\u00fcrl\u00fc ve y\u00fcksek standartlarda \u00fcr\u00fcnler sa\u011flamay\u0131 ilke edindik. \u00dcretim ve tedarik s\u00fcre\u00e7lerimizde kalite kontrol\u00fc en \u00f6n planda tutuyor; dayan\u0131kl\u0131l\u0131k, i\u015flevsellik ve esteti\u011fi bir arada sunan \u00fcr\u00fcnler [&hellip;]<\/p>\n","protected":false},"author":1,"featured_media":0,"parent":0,"menu_order":0,"comment_status":"closed","ping_status":"closed","template":"","meta":{"_et_pb_use_builder":"on","_et_pb_old_content":"","_et_gb_content_width":"","footnotes":""},"class_list":["post-50","page","type-page","status-publish","hentry"],"_links":{"self":[{"href":"https:\/\/mcfermuar.com\/index.php?rest_route=\/wp\/v2\/pages\/50","targetHints":{"allow":["GET"]}}],"collection":[{"href":"https:\/\/mcfermuar.com\/index.php?rest_route=\/wp\/v2\/pages"}],"about":[{"href":"https:\/\/mcfermuar.com\/index.php?rest_route=\/wp\/v2\/types\/page"}],"author":[{"embeddable":true,"href":"https:\/\/mcfermuar.com\/index.php?rest_route=\/wp\/v2\/users\/1"}],"replies":[{"embeddable":true,"href":"https:\/\/mcfermuar.com\/index.php?rest_route=%2Fwp%2Fv2%2Fcomments&post=50"}],"version-history":[{"count":9,"href":"https:\/\/mcfermuar.com\/index.php?rest_route=\/wp\/v2\/pages\/50\/revisions"}],"predecessor-version":[{"id":221,"href":"https:\/\/mcfermuar.com\/index.php?rest_route=\/wp\/v2\/pages\/50\/revisions\/221"}],"wp:attachment":[{"href":"https:\/\/mcfermuar.com\/index.php?rest_route=%2Fwp%2Fv2%2Fmedia&parent=50"}],"curies":[{"name":"wp","href":"https:\/\/api.w.org\/{rel}","templated":true}]}}